{"id":296,"date":"2025-11-07T18:13:55","date_gmt":"2025-11-07T18:13:55","guid":{"rendered":"https:\/\/hightex-dresden.de\/?page_id=296"},"modified":"2025-12-19T17:18:45","modified_gmt":"2025-12-19T17:18:45","slug":"cut-to-size","status":"publish","type":"page","link":"https:\/\/hightex-dresden.de\/en\/zuschnitt-cuttern\/","title":{"rendered":"Cutting \/ Cutter"},"content":{"rendered":"<div data-elementor-type=\"wp-page\" data-elementor-id=\"296\" class=\"elementor elementor-296\" data-elementor-post-type=\"page\">\n\t\t\t\t<div class=\"elementor-element elementor-element-d891f16 e-flex e-con-boxed e-con e-parent\" data-id=\"d891f16\" data-element_type=\"container\" data-e-type=\"container\" data-settings=\"{&quot;background_background&quot;:&quot;classic&quot;}\">\n\t\t\t\t\t<div class=\"e-con-inner\">\n\t\t<div class=\"elementor-element elementor-element-62e1e36 e-con-full e-flex e-con e-child\" data-id=\"62e1e36\" data-element_type=\"container\" data-e-type=\"container\">\n\t\t\t\t<div class=\"elementor-element elementor-element-69fc8da elementor-widget elementor-widget-heading\" data-id=\"69fc8da\" data-element_type=\"widget\" data-e-type=\"widget\" data-widget_type=\"heading.default\">\n\t\t\t\t\t<h1 class=\"elementor-heading-title elementor-size-default\">Cutting \/ Cutter<\/h1>\t\t\t\t<\/div>\n\t\t<div class=\"elementor-element elementor-element-dee498f e-con-full e-flex e-con e-child\" data-id=\"dee498f\" data-element_type=\"container\" data-e-type=\"container\" data-settings=\"{&quot;background_background&quot;:&quot;classic&quot;}\">\n\t\t\t\t<\/div>\n\t\t\t\t<\/div>\n\t\t\t\t\t<\/div>\n\t\t\t\t<\/div>\n\t\t<div class=\"elementor-element elementor-element-05cb577 e-con-full e-flex e-con e-parent\" data-id=\"05cb577\" data-element_type=\"container\" data-e-type=\"container\" data-settings=\"{&quot;background_background&quot;:&quot;classic&quot;}\">\n\t\t\t\t<div class=\"elementor-element elementor-element-fdbb827 elementor-widget elementor-widget-template\" data-id=\"fdbb827\" data-element_type=\"widget\" data-e-type=\"widget\" data-widget_type=\"template.default\">\n\t\t\t\t<div class=\"elementor-widget-container\">\n\t\t\t\t\t\t\t<div class=\"elementor-template\">\n\t\t\t\t\t<div data-elementor-type=\"container\" data-elementor-id=\"791\" class=\"elementor elementor-791\" data-elementor-post-type=\"elementor_library\">\n\t\t\t\t<div class=\"elementor-element elementor-element-18761e24 e-con-full e-flex e-con e-parent\" data-id=\"18761e24\" data-element_type=\"container\" data-e-type=\"container\">\n\t\t\t\t<div class=\"elementor-element elementor-element-10ba05c5 elementor-widget elementor-widget-heading\" data-id=\"10ba05c5\" data-element_type=\"widget\" data-e-type=\"widget\" data-widget_type=\"heading.default\">\n\t\t\t\t\t<h2 class=\"elementor-heading-title elementor-size-default\">Our satisfied customers<\/h2>\t\t\t\t<\/div>\n\t\t\t\t<div class=\"elementor-element elementor-element-2ac61b58 elementor-widget elementor-widget-html\" data-id=\"2ac61b58\" data-element_type=\"widget\" data-e-type=\"widget\" data-widget_type=\"html.default\">\n\t\t\t\t\t<section class=\"logo-slider-info\" aria-label=\"Parceiros\">\r\n    <div class=\"logo-slider-track\">\r\n        \r\n      <!-- conjunto original -->\r\n      \r\n      <div class=\"logo-slide\"><img decoding=\"async\" src=\"https:\/\/hightex-dresden.de\/wp-content\/uploads\/2025\/11\/Arianegroup.webp\" alt=\"Logo 1\">\r\n      <\/div>\r\n      \r\n      <div class=\"logo-slide\"><img decoding=\"async\" src=\"https:\/\/hightex-dresden.de\/wp-content\/uploads\/2025\/11\/sglcarbon.webp\" alt=\"Logo 2\">\r\n      <\/div>\r\n      \r\n      <div class=\"logo-slide\"><img decoding=\"async\" src=\"https:\/\/hightex-dresden.de\/wp-content\/uploads\/2025\/11\/airbus-1.webp\" alt=\"Logo 3\">\r\n      <\/div>\r\n      \r\n      <div class=\"logo-slide\"><img decoding=\"async\" src=\"https:\/\/hightex-dresden.de\/wp-content\/uploads\/2025\/11\/6537c17179062a6f90f9f048_ACE_Logo_2023.webp\" alt=\"Logo 4\">\r\n      <\/div>\r\n      \r\n      <div class=\"logo-slide\"><img decoding=\"async\" src=\"https:\/\/hightex-dresden.de\/wp-content\/uploads\/2025\/11\/MACHROTEC_logo_sign_4c_351x80.webp\" alt=\"Logo 5\">\r\n      <\/div>\r\n      \r\n      <div class=\"logo-slide\"><img decoding=\"async\" src=\"https:\/\/hightex-dresden.de\/wp-content\/uploads\/2025\/11\/schunkgroup-logo.webp\" alt=\"Logo 6\">\r\n      <\/div>\r\n      \r\n\r\n      <!-- duplicata para loop cont\u00ednuo -->\r\n      \r\n      <div class=\"logo-slide\"><img decoding=\"async\" src=\"https:\/\/hightex-dresden.de\/wp-content\/uploads\/2025\/11\/Arianegroup.webp\" alt=\"Logo 1\">\r\n      <\/div>\r\n      \r\n      <div class=\"logo-slide\"><img decoding=\"async\" src=\"https:\/\/hightex-dresden.de\/wp-content\/uploads\/2025\/11\/sglcarbon.webp\" alt=\"Logo 2\">\r\n      <\/div>\r\n      \r\n      <div class=\"logo-slide\"><img decoding=\"async\" src=\"https:\/\/hightex-dresden.de\/wp-content\/uploads\/2025\/11\/airbus-1.webp\" alt=\"Logo 3\">\r\n      <\/div>\r\n      \r\n      <div class=\"logo-slide\"><img decoding=\"async\" src=\"https:\/\/hightex-dresden.de\/wp-content\/uploads\/2025\/11\/6537c17179062a6f90f9f048_ACE_Logo_2023.webp\" alt=\"Logo 4\">\r\n      <\/div>\r\n      \r\n      <div class=\"logo-slide\"><img decoding=\"async\" src=\"https:\/\/hightex-dresden.de\/wp-content\/uploads\/2025\/11\/MACHROTEC_logo_sign_4c_351x80.webp\" alt=\"Logo 5\">\r\n      <\/div>\r\n      \r\n      <div class=\"logo-slide\"><img decoding=\"async\" src=\"https:\/\/hightex-dresden.de\/wp-content\/uploads\/2025\/11\/schunkgroup-logo.webp\" alt=\"Logo 6\">\r\n      <\/div>\r\n      \r\n    <\/div>\r\n  <\/section>\t\t\t\t<\/div>\n\t\t\t\t<\/div>\n\t\t\t\t<\/div>\n\t\t\t\t<\/div>\n\t\t\t\t\t\t<\/div>\n\t\t\t\t<\/div>\n\t\t\t\t<\/div>\n\t\t<div class=\"elementor-element elementor-element-1109703 e-flex e-con-boxed e-con e-parent\" data-id=\"1109703\" data-element_type=\"container\" data-e-type=\"container\" data-settings=\"{&quot;background_background&quot;:&quot;classic&quot;}\">\n\t\t\t\t\t<div class=\"e-con-inner\">\n\t\t<div class=\"elementor-element elementor-element-37584da e-con-full e-flex e-con e-child\" data-id=\"37584da\" data-element_type=\"container\" data-e-type=\"container\">\n\t\t<div class=\"elementor-element elementor-element-5a570eb e-con-full e-flex e-con e-child\" data-id=\"5a570eb\" data-element_type=\"container\" data-e-type=\"container\">\n\t\t\t\t<div class=\"elementor-element elementor-element-886c644 elementor-widget elementor-widget-heading\" data-id=\"886c644\" data-element_type=\"widget\" data-e-type=\"widget\" data-widget_type=\"heading.default\">\n\t\t\t\t\t<h2 class=\"elementor-heading-title elementor-size-default\">Cutting \/ Cutter<\/h2>\t\t\t\t<\/div>\n\t\t\t\t<div class=\"elementor-element elementor-element-ebe0467 elementor-widget elementor-widget-text-editor\" data-id=\"ebe0467\" data-element_type=\"widget\" data-e-type=\"widget\" data-widget_type=\"text-editor.default\">\n\t\t\t\t\t\t\t\t\t<p>Various systems and technologies are available at Hightex for the series production of near-net-shape 3D preforms.<\/p><p>In order to be able to produce exact preform geometries, the precise cutting of individual layers for a fibre composite component is of crucial importance. Depending on the preform requirements, we are able to select the optimum cutting technology. Whether you need single layers with high precision or several identical layers, we have the right cutting technology for all applications.<\/p>\t\t\t\t\t\t\t\t<\/div>\n\t\t\t\t<\/div>\n\t\t<div class=\"elementor-element elementor-element-3f1464b e-con-full e-flex e-con e-child\" data-id=\"3f1464b\" data-element_type=\"container\" data-e-type=\"container\">\n\t\t\t\t<div class=\"elementor-element elementor-element-b32eb60 elementor-widget elementor-widget-image\" data-id=\"b32eb60\" data-element_type=\"widget\" data-e-type=\"widget\" data-widget_type=\"image.default\">\n\t\t\t\t\t\t\t\t\t\t\t\t\t\t\t<img fetchpriority=\"high\" decoding=\"async\" width=\"534\" height=\"272\" src=\"https:\/\/hightex-dresden.de\/wp-content\/uploads\/2025\/11\/Zuschnitt-_-Cuttern.webp\" class=\"attachment-large size-large wp-image-297\" alt=\"Cutting _ Cutters\" srcset=\"https:\/\/hightex-dresden.de\/wp-content\/uploads\/2025\/11\/Zuschnitt-_-Cuttern.webp 534w, https:\/\/hightex-dresden.de\/wp-content\/uploads\/2025\/11\/Zuschnitt-_-Cuttern-300x153.webp 300w\" sizes=\"(max-width: 534px) 100vw, 534px\" \/>\t\t\t\t\t\t\t\t\t\t\t\t\t\t\t<\/div>\n\t\t\t\t<\/div>\n\t\t\t\t<\/div>\n\t\t\t\t\t<\/div>\n\t\t\t\t<\/div>\n\t\t<div class=\"elementor-element elementor-element-5f06b60 e-flex e-con-boxed e-con e-parent\" data-id=\"5f06b60\" data-element_type=\"container\" data-e-type=\"container\" data-settings=\"{&quot;background_background&quot;:&quot;classic&quot;}\">\n\t\t\t\t\t<div class=\"e-con-inner\">\n\t\t<div class=\"elementor-element elementor-element-b19646b e-con-full e-flex e-con e-child\" data-id=\"b19646b\" data-element_type=\"container\" data-e-type=\"container\">\n\t\t<div class=\"elementor-element elementor-element-491704d e-con-full elementor-hidden-tablet elementor-hidden-mobile e-flex e-con e-child\" data-id=\"491704d\" data-element_type=\"container\" data-e-type=\"container\">\n\t\t\t\t<div class=\"elementor-element elementor-element-607ed89 elementor-widget elementor-widget-image\" data-id=\"607ed89\" data-element_type=\"widget\" data-e-type=\"widget\" data-widget_type=\"image.default\">\n\t\t\t\t\t\t\t\t\t\t\t\t\t\t\t<img decoding=\"async\" width=\"489\" height=\"307\" src=\"https:\/\/hightex-dresden.de\/wp-content\/uploads\/2025\/11\/Mehrlagen-Cutter-Einzellagen-Cutter.webp\" class=\"attachment-large size-large wp-image-298\" alt=\"Multi-layer cutter &amp; single-layer cutter\" srcset=\"https:\/\/hightex-dresden.de\/wp-content\/uploads\/2025\/11\/Mehrlagen-Cutter-Einzellagen-Cutter.webp 489w, https:\/\/hightex-dresden.de\/wp-content\/uploads\/2025\/11\/Mehrlagen-Cutter-Einzellagen-Cutter-300x188.webp 300w\" sizes=\"(max-width: 489px) 100vw, 489px\" \/>\t\t\t\t\t\t\t\t\t\t\t\t\t\t\t<\/div>\n\t\t\t\t<\/div>\n\t\t<div class=\"elementor-element elementor-element-5a82061 e-con-full e-flex e-con e-child\" data-id=\"5a82061\" data-element_type=\"container\" data-e-type=\"container\">\n\t\t\t\t<div class=\"elementor-element elementor-element-b117a06 elementor-widget elementor-widget-heading\" data-id=\"b117a06\" data-element_type=\"widget\" data-e-type=\"widget\" data-widget_type=\"heading.default\">\n\t\t\t\t\t<h2 class=\"elementor-heading-title elementor-size-default\">Multi-layer cutter &amp; single-layer cutter<\/h2>\t\t\t\t<\/div>\n\t\t\t\t<div class=\"elementor-element elementor-element-556f377 elementor-widget elementor-widget-text-editor\" data-id=\"556f377\" data-element_type=\"widget\" data-e-type=\"widget\" data-widget_type=\"text-editor.default\">\n\t\t\t\t\t\t\t\t\t<p>Several single and multi-layer cutters are used for cutting high-precision single layers, as are primarily used in aerospace series production. These can be used to quickly and easily cut a wide variety of individual layers with a high degree of accuracy, as every single gram is often too much to avoid.<\/p>\t\t\t\t\t\t\t\t<\/div>\n\t\t\t\t<\/div>\n\t\t<div class=\"elementor-element elementor-element-63adde3 e-con-full elementor-hidden-desktop e-flex e-con e-child\" data-id=\"63adde3\" data-element_type=\"container\" data-e-type=\"container\">\n\t\t\t\t<div class=\"elementor-element elementor-element-5ea9303 elementor-widget elementor-widget-image\" data-id=\"5ea9303\" data-element_type=\"widget\" data-e-type=\"widget\" data-widget_type=\"image.default\">\n\t\t\t\t\t\t\t\t\t\t\t\t\t\t\t<img decoding=\"async\" width=\"489\" height=\"307\" src=\"https:\/\/hightex-dresden.de\/wp-content\/uploads\/2025\/11\/Mehrlagen-Cutter-Einzellagen-Cutter.webp\" class=\"attachment-large size-large wp-image-298\" alt=\"Multi-layer cutter &amp; single-layer cutter\" srcset=\"https:\/\/hightex-dresden.de\/wp-content\/uploads\/2025\/11\/Mehrlagen-Cutter-Einzellagen-Cutter.webp 489w, https:\/\/hightex-dresden.de\/wp-content\/uploads\/2025\/11\/Mehrlagen-Cutter-Einzellagen-Cutter-300x188.webp 300w\" sizes=\"(max-width: 489px) 100vw, 489px\" \/>\t\t\t\t\t\t\t\t\t\t\t\t\t\t\t<\/div>\n\t\t\t\t<\/div>\n\t\t\t\t<\/div>\n\t\t\t\t\t<\/div>\n\t\t\t\t<\/div>\n\t\t<div class=\"elementor-element elementor-element-8ee3654 e-flex e-con-boxed e-con e-parent\" data-id=\"8ee3654\" data-element_type=\"container\" data-e-type=\"container\" data-settings=\"{&quot;background_background&quot;:&quot;classic&quot;}\">\n\t\t\t\t\t<div class=\"e-con-inner\">\n\t\t<div class=\"elementor-element elementor-element-1715931 e-con-full e-flex e-con e-child\" data-id=\"1715931\" data-element_type=\"container\" data-e-type=\"container\">\n\t\t<div class=\"elementor-element elementor-element-a3c8e2c e-con-full e-flex e-con e-child\" data-id=\"a3c8e2c\" data-element_type=\"container\" data-e-type=\"container\">\n\t\t\t\t<div class=\"elementor-element elementor-element-bd26272 elementor-widget elementor-widget-heading\" data-id=\"bd26272\" data-element_type=\"widget\" data-e-type=\"widget\" data-widget_type=\"heading.default\">\n\t\t\t\t\t<h2 class=\"elementor-heading-title elementor-size-default\">Laser<\/h2>\t\t\t\t<\/div>\n\t\t\t\t<div class=\"elementor-element elementor-element-ca2eeba elementor-widget elementor-widget-text-editor\" data-id=\"ca2eeba\" data-element_type=\"widget\" data-e-type=\"widget\" data-widget_type=\"text-editor.default\">\n\t\t\t\t\t\t\t\t\t<p>Our cutting technologies are complemented by two laser systems, which enable the cutting of glass layers in particular without fraying the cutting edge. The laser has also been used for years as part of A-350 window frame series production to remove the GF embroidery base from the TFP subpreforms in a semi-automated process before window frame assembly, thus contributing to efficient and reproducible CWF series production.<\/p>\t\t\t\t\t\t\t\t<\/div>\n\t\t\t\t<\/div>\n\t\t<div class=\"elementor-element elementor-element-4a751ba e-con-full e-flex e-con e-child\" data-id=\"4a751ba\" data-element_type=\"container\" data-e-type=\"container\">\n\t\t\t\t<div class=\"elementor-element elementor-element-8b67b7a elementor-widget elementor-widget-image\" data-id=\"8b67b7a\" data-element_type=\"widget\" data-e-type=\"widget\" data-widget_type=\"image.default\">\n\t\t\t\t\t\t\t\t\t\t\t\t\t\t\t<img decoding=\"async\" width=\"610\" height=\"455\" src=\"https:\/\/hightex-dresden.de\/wp-content\/uploads\/2025\/11\/Laser.webp\" class=\"attachment-large size-large wp-image-299\" alt=\"Laser\" srcset=\"https:\/\/hightex-dresden.de\/wp-content\/uploads\/2025\/11\/Laser.webp 610w, https:\/\/hightex-dresden.de\/wp-content\/uploads\/2025\/11\/Laser-300x224.webp 300w\" sizes=\"(max-width: 610px) 100vw, 610px\" \/>\t\t\t\t\t\t\t\t\t\t\t\t\t\t\t<\/div>\n\t\t\t\t<\/div>\n\t\t\t\t<\/div>\n\t\t\t\t\t<\/div>\n\t\t\t\t<\/div>\n\t\t<div class=\"elementor-element elementor-element-fba3f6b e-flex e-con-boxed e-con e-parent\" data-id=\"fba3f6b\" data-element_type=\"container\" data-e-type=\"container\" data-settings=\"{&quot;background_background&quot;:&quot;classic&quot;}\">\n\t\t\t\t\t<div class=\"e-con-inner\">\n\t\t<div class=\"elementor-element elementor-element-6e61005 e-con-full e-flex e-con e-child\" data-id=\"6e61005\" data-element_type=\"container\" data-e-type=\"container\">\n\t\t<div class=\"elementor-element elementor-element-417080e e-con-full e-flex e-con e-child\" data-id=\"417080e\" data-element_type=\"container\" data-e-type=\"container\">\n\t\t\t\t<div class=\"elementor-element elementor-element-72a812b elementor-widget elementor-widget-image\" data-id=\"72a812b\" data-element_type=\"widget\" data-e-type=\"widget\" data-widget_type=\"image.default\">\n\t\t\t\t\t\t\t\t\t\t\t\t\t\t\t<img loading=\"lazy\" decoding=\"async\" width=\"445\" height=\"611\" src=\"https:\/\/hightex-dresden.de\/wp-content\/uploads\/2025\/11\/Rollenstanzanlage.webp\" class=\"attachment-large size-large wp-image-300\" alt=\"Roll punching machine\" srcset=\"https:\/\/hightex-dresden.de\/wp-content\/uploads\/2025\/11\/Rollenstanzanlage.webp 445w, https:\/\/hightex-dresden.de\/wp-content\/uploads\/2025\/11\/Rollenstanzanlage-218x300.webp 218w\" sizes=\"(max-width: 445px) 100vw, 445px\" \/>\t\t\t\t\t\t\t\t\t\t\t\t\t\t\t<\/div>\n\t\t\t\t<\/div>\n\t\t<div class=\"elementor-element elementor-element-55c48c6 e-con-full e-flex e-con e-child\" data-id=\"55c48c6\" data-element_type=\"container\" data-e-type=\"container\">\n\t\t\t\t<div class=\"elementor-element elementor-element-1e0ea89 elementor-widget elementor-widget-heading\" data-id=\"1e0ea89\" data-element_type=\"widget\" data-e-type=\"widget\" data-widget_type=\"heading.default\">\n\t\t\t\t\t<h2 class=\"elementor-heading-title elementor-size-default\">Roll punching machine<\/h2>\t\t\t\t<\/div>\n\t\t\t\t<div class=\"elementor-element elementor-element-5a95502 elementor-widget elementor-widget-text-editor\" data-id=\"5a95502\" data-element_type=\"widget\" data-e-type=\"widget\" data-widget_type=\"text-editor.default\">\n\t\t\t\t\t\t\t\t\t<p>Our cutting machine park is complemented by a roller punching machine, which enables fast and uncomplicated cutting of 2-dimensional single and multi-layer preforms with high precision. Furthermore, a wide variety of cutting technology is used, particularly in our special and research projects, such as electric rotary knives or shears for creating free-form contours on final components and preforms.<\/p>\t\t\t\t\t\t\t\t<\/div>\n\t\t\t\t<div class=\"elementor-element elementor-element-20bbbaf elementor-widget elementor-widget-heading\" data-id=\"20bbbaf\" data-element_type=\"widget\" data-e-type=\"widget\" data-widget_type=\"heading.default\">\n\t\t\t\t\t<h2 class=\"elementor-heading-title elementor-size-default\">Multilayer cutter<\/h2>\t\t\t\t<\/div>\n\t\t\t\t<div class=\"elementor-element elementor-element-c42e49f elementor-widget elementor-widget-text-editor\" data-id=\"c42e49f\" data-element_type=\"widget\" data-e-type=\"widget\" data-widget_type=\"text-editor.default\">\n\t\t\t\t\t\t\t\t\t<p>On our multi-layer cutter in combination with a fully automatic laying device, large quantities of stacks with individual layer structures can be realised within a very short time, which can be cut to the required final contour after depositing. This allows a wide variety of 2-dimensional textile semi-finished products to be laid down automatically in any order. In the past, preforms for floor panels for aviation applications have been produced in series using this system. A special feature here was the use of so-called spunfab as a connecting layer between the individual CF layers. The result is a handling-stable, near-net-shape panel, even with foam or CF inserts depending on the variant.<br \/><br \/>We are constantly endeavouring to expand our expertise in the field of making up and cutting all types of semi-finished textile products and preforms.<\/p>\t\t\t\t\t\t\t\t<\/div>\n\t\t\t\t<div class=\"elementor-element elementor-element-6bb3f65 elementor-widget elementor-widget-button\" data-id=\"6bb3f65\" data-element_type=\"widget\" data-e-type=\"widget\" data-widget_type=\"button.default\">\n\t\t\t\t\t\t\t\t\t\t<a class=\"elementor-button elementor-button-link elementor-size-sm\" href=\"\/en\/kontakt-und-standort\/\">\n\t\t\t\t\t\t<span class=\"elementor-button-content-wrapper\">\n\t\t\t\t\t\t\t\t\t<span class=\"elementor-button-text\">Please contact us<\/span>\n\t\t\t\t\t<\/span>\n\t\t\t\t\t<\/a>\n\t\t\t\t\t\t\t\t<\/div>\n\t\t\t\t<\/div>\n\t\t\t\t<\/div>\n\t\t\t\t\t<\/div>\n\t\t\t\t<\/div>\n\t\t\t\t<\/div>","protected":false},"excerpt":{"rendered":"<p>Zuschnitt \/ Cuttern Zuschnitt \/ Cuttern F\u00fcr die serienm\u00e4\u00dfige Herstellung von endkonturnahen 3D-Preforms stehen in Hightex verschiedene Anlagen und Technologien zur Verf\u00fcgung. Um exakte Preformgeometrien fertigen zu k\u00f6nnen, ist der exakte Zuschnitt von Einzellagen f\u00fcr ein Faserverbundbauteil von entscheidender Bedeutung. Je nach Anforderung an die Preform sind wir in der Lage die optimale Zuschneidtechnik auszuw\u00e4hlen. [&hellip;]<\/p>\n","protected":false},"author":2,"featured_media":0,"parent":0,"menu_order":0,"comment_status":"closed","ping_status":"closed","template":"elementor_header_footer","meta":{"footnotes":""},"class_list":["post-296","page","type-page","status-publish","hentry"],"_links":{"self":[{"href":"https:\/\/hightex-dresden.de\/en\/wp-json\/wp\/v2\/pages\/296","targetHints":{"allow":["GET"]}}],"collection":[{"href":"https:\/\/hightex-dresden.de\/en\/wp-json\/wp\/v2\/pages"}],"about":[{"href":"https:\/\/hightex-dresden.de\/en\/wp-json\/wp\/v2\/types\/page"}],"author":[{"embeddable":true,"href":"https:\/\/hightex-dresden.de\/en\/wp-json\/wp\/v2\/users\/2"}],"replies":[{"embeddable":true,"href":"https:\/\/hightex-dresden.de\/en\/wp-json\/wp\/v2\/comments?post=296"}],"version-history":[{"count":10,"href":"https:\/\/hightex-dresden.de\/en\/wp-json\/wp\/v2\/pages\/296\/revisions"}],"predecessor-version":[{"id":1698,"href":"https:\/\/hightex-dresden.de\/en\/wp-json\/wp\/v2\/pages\/296\/revisions\/1698"}],"wp:attachment":[{"href":"https:\/\/hightex-dresden.de\/en\/wp-json\/wp\/v2\/media?parent=296"}],"curies":[{"name":"wp","href":"https:\/\/api.w.org\/{rel}","templated":true}]}}