{"id":269,"date":"2025-11-07T17:54:06","date_gmt":"2025-11-07T17:54:06","guid":{"rendered":"https:\/\/hightex-dresden.de\/?page_id=269"},"modified":"2025-12-10T21:54:03","modified_gmt":"2025-12-10T21:54:03","slug":"job-offers","status":"publish","type":"page","link":"https:\/\/hightex-dresden.de\/en\/stellenangebote\/","title":{"rendered":"Vacancies"},"content":{"rendered":"\t\t<div data-elementor-type=\"wp-page\" data-elementor-id=\"269\" class=\"elementor elementor-269\" data-elementor-post-type=\"page\">\n\t\t\t\t<div class=\"elementor-element elementor-element-d891f16 e-flex e-con-boxed e-con e-parent\" data-id=\"d891f16\" data-element_type=\"container\" data-e-type=\"container\" data-settings=\"{&quot;background_background&quot;:&quot;classic&quot;}\">\n\t\t\t\t\t<div class=\"e-con-inner\">\n\t\t<div class=\"elementor-element elementor-element-62e1e36 e-con-full e-flex e-con e-child\" data-id=\"62e1e36\" data-element_type=\"container\" data-e-type=\"container\">\n\t\t\t\t<div class=\"elementor-element elementor-element-69fc8da elementor-widget elementor-widget-heading\" data-id=\"69fc8da\" data-element_type=\"widget\" data-e-type=\"widget\" data-widget_type=\"heading.default\">\n\t\t\t\t\t<h1 class=\"elementor-heading-title elementor-size-default\">Karriere<\/h1>\t\t\t\t<\/div>\n\t\t<div class=\"elementor-element elementor-element-dee498f e-con-full e-flex e-con e-child\" data-id=\"dee498f\" data-element_type=\"container\" data-e-type=\"container\" data-settings=\"{&quot;background_background&quot;:&quot;classic&quot;}\">\n\t\t\t\t<\/div>\n\t\t\t\t<\/div>\n\t\t\t\t\t<\/div>\n\t\t\t\t<\/div>\n\t\t<div class=\"elementor-element elementor-element-1109703 e-flex e-con-boxed e-con e-parent\" data-id=\"1109703\" data-element_type=\"container\" data-e-type=\"container\" data-settings=\"{&quot;background_background&quot;:&quot;classic&quot;}\">\n\t\t\t\t\t<div class=\"e-con-inner\">\n\t\t<div class=\"elementor-element elementor-element-37584da e-con-full e-flex e-con e-child\" data-id=\"37584da\" data-element_type=\"container\" data-e-type=\"container\">\n\t\t<div class=\"elementor-element elementor-element-5a570eb e-con-full e-flex e-con e-child\" data-id=\"5a570eb\" data-element_type=\"container\" data-e-type=\"container\">\n\t\t\t\t<div class=\"elementor-element elementor-element-886c644 elementor-widget elementor-widget-heading\" data-id=\"886c644\" data-element_type=\"widget\" data-e-type=\"widget\" data-widget_type=\"heading.default\">\n\t\t\t\t\t<h2 class=\"elementor-heading-title elementor-size-default\">Stellen\u00adangebote<\/h2>\t\t\t\t<\/div>\n\t\t\t\t<div class=\"elementor-element elementor-element-ebe0467 elementor-widget elementor-widget-text-editor\" data-id=\"ebe0467\" data-element_type=\"widget\" data-e-type=\"widget\" data-widget_type=\"text-editor.default\">\n\t\t\t\t\t\t\t\t\t<p>Die Firma Hightex Verst\u00e4rkungsstrukturen GmbH in Klipphausen ist ein mittelst\u00e4ndisches Unternehmen, welches sich mit der Herstellung textiler Strukturen f\u00fcr die Luft- und Raumfahrtindustrie, den Automobilbau und andere Industrien besch\u00e4ftigt.<\/p><p>Aktuell stehen bei uns leider keine offenen Stellen zur Verf\u00fcgung. Sollten Sie dennoch eine Bewerbung platzieren wollen, senden Sie diese bitte an\u00a0<br \/><span style=\"text-decoration: underline;\">info@hightex-dresden.de<\/span><\/p>\t\t\t\t\t\t\t\t<\/div>\n\t\t\t\t<\/div>\n\t\t<div class=\"elementor-element elementor-element-3f1464b e-con-full e-flex e-con e-child\" data-id=\"3f1464b\" data-element_type=\"container\" data-e-type=\"container\">\n\t\t\t\t<div class=\"elementor-element elementor-element-b32eb60 elementor-widget elementor-widget-image\" data-id=\"b32eb60\" data-element_type=\"widget\" data-e-type=\"widget\" data-widget_type=\"image.default\">\n\t\t\t\t\t\t\t\t\t\t\t\t\t\t\t<img fetchpriority=\"high\" decoding=\"async\" width=\"800\" height=\"457\" src=\"https:\/\/hightex-dresden.de\/wp-content\/uploads\/2025\/11\/hightex-1-1024x585.webp\" class=\"attachment-large size-large wp-image-1173\" alt=\"hightex\" srcset=\"https:\/\/hightex-dresden.de\/wp-content\/uploads\/2025\/11\/hightex-1-1024x585.webp 1024w, https:\/\/hightex-dresden.de\/wp-content\/uploads\/2025\/11\/hightex-1-300x171.webp 300w, https:\/\/hightex-dresden.de\/wp-content\/uploads\/2025\/11\/hightex-1-768x439.webp 768w, https:\/\/hightex-dresden.de\/wp-content\/uploads\/2025\/11\/hightex-1-18x10.webp 18w, https:\/\/hightex-dresden.de\/wp-content\/uploads\/2025\/11\/hightex-1.webp 1344w\" sizes=\"(max-width: 800px) 100vw, 800px\" \/>\t\t\t\t\t\t\t\t\t\t\t\t\t\t\t<\/div>\n\t\t\t\t<\/div>\n\t\t\t\t<\/div>\n\t\t\t\t\t<\/div>\n\t\t\t\t<\/div>\n\t\t<div class=\"elementor-element elementor-element-5f06b60 e-flex e-con-boxed e-con e-parent\" data-id=\"5f06b60\" data-element_type=\"container\" data-e-type=\"container\" data-settings=\"{&quot;background_background&quot;:&quot;classic&quot;}\">\n\t\t\t\t\t<div class=\"e-con-inner\">\n\t\t<div class=\"elementor-element elementor-element-b19646b e-con-full e-flex e-con e-child\" data-id=\"b19646b\" data-element_type=\"container\" data-e-type=\"container\">\n\t\t<div class=\"elementor-element elementor-element-491704d e-con-full e-flex e-con e-child\" data-id=\"491704d\" data-element_type=\"container\" data-e-type=\"container\">\n\t\t\t\t<div class=\"elementor-element elementor-element-719dca9 elementor-widget elementor-widget-image\" data-id=\"719dca9\" data-element_type=\"widget\" data-e-type=\"widget\" data-widget_type=\"image.default\">\n\t\t\t\t\t\t\t\t\t\t\t\t\t\t\t<img decoding=\"async\" width=\"445\" height=\"611\" src=\"https:\/\/hightex-dresden.de\/wp-content\/uploads\/2025\/11\/BENEFITS-FUR-UNSERE-MITARBEITER_INNEN.webp\" class=\"attachment-large size-large wp-image-274\" alt=\"BENEFITS F\u00dcR UNSERE MITARBEITER\/INNEN\" srcset=\"https:\/\/hightex-dresden.de\/wp-content\/uploads\/2025\/11\/BENEFITS-FUR-UNSERE-MITARBEITER_INNEN.webp 445w, https:\/\/hightex-dresden.de\/wp-content\/uploads\/2025\/11\/BENEFITS-FUR-UNSERE-MITARBEITER_INNEN-218x300.webp 218w\" sizes=\"(max-width: 445px) 100vw, 445px\" \/>\t\t\t\t\t\t\t\t\t\t\t\t\t\t\t<\/div>\n\t\t\t\t<\/div>\n\t\t<div class=\"elementor-element elementor-element-5a82061 e-con-full e-flex e-con e-child\" data-id=\"5a82061\" data-element_type=\"container\" data-e-type=\"container\">\n\t\t\t\t<div class=\"elementor-element elementor-element-b117a06 elementor-widget elementor-widget-heading\" data-id=\"b117a06\" data-element_type=\"widget\" data-e-type=\"widget\" data-widget_type=\"heading.default\">\n\t\t\t\t\t<h2 class=\"elementor-heading-title elementor-size-default\">BENEFITS F\u00dcR UNSERE MITARBEITER\/INNEN\n<\/h2>\t\t\t\t<\/div>\n\t\t\t\t<div class=\"elementor-element elementor-element-556f377 elementor-widget elementor-widget-text-editor\" data-id=\"556f377\" data-element_type=\"widget\" data-e-type=\"widget\" data-widget_type=\"text-editor.default\">\n\t\t\t\t\t\t\t\t\t<p>Die Firma Hightex Verst\u00e4rkungsstrukturen GmbH in Klipphausen ist ein mittelst\u00e4ndisches Unternehmen, welches sich mit der Herstellung textiler Strukturen f\u00fcr die Luft- und Raumfahrtindustrie, den Automobilbau und andere Industrien besch\u00e4ftigt.<br \/><br \/>Wir bieten Ihnen unter anderem:<\/p><ul role=\"list\"><li>individuelle Entwicklungs- &amp; Weiterbildungsm\u00f6glichkeiten im Rahmen Ihres T\u00e4tigkeitsprofiles<\/li><li>leistungsgerechte Verg\u00fctung angelehnt an den Tarif des Verbandes der Nord-Ostdeutschen Textil- und Bekleidungsindustrie<\/li><li>monatlichen steuerfreier Fahrtkostenzuschuss<\/li><li>j\u00e4hrliche Mitarbeitergespr\u00e4che<\/li><li>Sport- &amp; Gesundheitsangebote wie Fitnessraum und betriebs\u00e4rztliche Angebote<\/li><li>Fahrradstellpl\u00e4tze<\/li><li>moderne Sozialr\u00e4ume: Umkleide und Duschr\u00e4ume, Speiseraum mit Dachterasse<\/li><li>regelm\u00e4\u00dfig kostenfrei frisches Obst und Wasser<\/li><li>kostenfreie moderne Arbeitsschutzbekleidung inclusive W\u00e4scheservice<\/li><li>regelm\u00e4\u00dfige Betriebsfeiern, zum Teil auch mit Angeh\u00f6rigen<\/li><li>Jahresendpr\u00e4mie in Abh\u00e4ngigkeit vom Betriebsergebnis<\/li><li>\u00a0<\/li><\/ul><p>Bitte senden Sie elektronische Bewerbungen im PDF-Format per Mail an:\u00a0<a href=\"mailto:bewerbung@hightex-dresden.de\" target=\"_blank\" rel=\"noopener\" data-fpl-component=\"primitive\">bewerbung@hightex-dresden.de<\/a><\/p>\t\t\t\t\t\t\t\t<\/div>\n\t\t\t\t<\/div>\n\t\t\t\t<\/div>\n\t\t\t\t\t<\/div>\n\t\t\t\t<\/div>\n\t\t<div class=\"elementor-element elementor-element-083d471 hero-container e-flex e-con-boxed e-con e-parent\" data-id=\"083d471\" data-element_type=\"container\" data-e-type=\"container\" data-settings=\"{&quot;background_background&quot;:&quot;classic&quot;}\">\n\t\t\t\t\t<div class=\"e-con-inner\">\n\t\t<div class=\"elementor-element elementor-element-ef3467f e-con-full e-flex e-con e-child\" data-id=\"ef3467f\" data-element_type=\"container\" data-e-type=\"container\">\n\t\t\t\t<div class=\"elementor-element elementor-element-6d53331 elementor-widget elementor-widget-heading\" data-id=\"6d53331\" data-element_type=\"widget\" data-e-type=\"widget\" data-widget_type=\"heading.default\">\n\t\t\t\t\t<h2 class=\"elementor-heading-title elementor-size-default\">Bewerbungsformular<\/h2>\t\t\t\t<\/div>\n\t\t<div class=\"elementor-element elementor-element-ea5cdad e-con-full e-flex e-con e-child\" data-id=\"ea5cdad\" data-element_type=\"container\" data-e-type=\"container\" data-settings=\"{&quot;background_background&quot;:&quot;classic&quot;}\">\n\t\t\t\t<\/div>\n\t\t\t\t<\/div>\n\t\t<div class=\"elementor-element elementor-element-8c43c01 e-con-full e-flex e-con e-child\" data-id=\"8c43c01\" data-element_type=\"container\" data-e-type=\"container\" data-settings=\"{&quot;background_background&quot;:&quot;classic&quot;}\">\n\t\t\t\t<div class=\"elementor-element elementor-element-606e0e0 elementor-button-align-stretch elementor-widget elementor-widget-form\" data-id=\"606e0e0\" data-element_type=\"widget\" data-e-type=\"widget\" data-settings=\"{&quot;step_next_label&quot;:&quot;Next&quot;,&quot;step_previous_label&quot;:&quot;Previous&quot;,&quot;button_width&quot;:&quot;100&quot;,&quot;step_type&quot;:&quot;number_text&quot;,&quot;step_icon_shape&quot;:&quot;circle&quot;}\" data-widget_type=\"form.default\">\n\t\t\t\t\t\t\t<form class=\"elementor-form\" method=\"post\" name=\"New Form\" aria-label=\"New Form\">\n\t\t\t<input type=\"hidden\" name=\"post_id\" value=\"269\"\/>\n\t\t\t<input type=\"hidden\" name=\"form_id\" value=\"606e0e0\"\/>\n\t\t\t<input type=\"hidden\" name=\"referer_title\" value=\"Karriere bei Hightex \u2013 Jobs und Entwicklungsm\u00f6glichkeiten\" \/>\n\n\t\t\t\t\t\t\t<input type=\"hidden\" name=\"queried_id\" value=\"269\"\/>\n\t\t\t\n\t\t\t<div class=\"elementor-form-fields-wrapper elementor-labels-above\">\n\t\t\t\t\t\t\t\t<div class=\"elementor-field-type-text elementor-field-group elementor-column elementor-field-group-name elementor-col-50 elementor-field-required elementor-mark-required\">\n\t\t\t\t\t\t\t\t\t\t\t\t<label for=\"form-field-name\" class=\"elementor-field-label\">\n\t\t\t\t\t\t\t\t Vorname\t\t\t\t\t\t\t<\/label>\n\t\t\t\t\t\t\t\t\t\t\t\t\t\t<input size=\"1\" type=\"text\" name=\"form_fields[name]\" id=\"form-field-name\" class=\"elementor-field elementor-size-md  elementor-field-textual\" required=\"required\">\n\t\t\t\t\t\t\t\t\t\t\t<\/div>\n\t\t\t\t\t\t\t\t<div class=\"elementor-field-type-text elementor-field-group elementor-column elementor-field-group-field_11b3a8f elementor-col-50 elementor-field-required elementor-mark-required\">\n\t\t\t\t\t\t\t\t\t\t\t\t<label for=\"form-field-field_11b3a8f\" class=\"elementor-field-label\">\n\t\t\t\t\t\t\t\tNachname\t\t\t\t\t\t\t<\/label>\n\t\t\t\t\t\t\t\t\t\t\t\t\t\t<input size=\"1\" type=\"text\" name=\"form_fields[field_11b3a8f]\" id=\"form-field-field_11b3a8f\" class=\"elementor-field elementor-size-md  elementor-field-textual\" required=\"required\">\n\t\t\t\t\t\t\t\t\t\t\t<\/div>\n\t\t\t\t\t\t\t\t<div class=\"elementor-field-type-email elementor-field-group elementor-column elementor-field-group-field_bd822e1 elementor-col-50 elementor-field-required elementor-mark-required\">\n\t\t\t\t\t\t\t\t\t\t\t\t<label for=\"form-field-field_bd822e1\" class=\"elementor-field-label\">\n\t\t\t\t\t\t\t\tE-Mail\t\t\t\t\t\t\t<\/label>\n\t\t\t\t\t\t\t\t\t\t\t\t\t\t<input size=\"1\" type=\"email\" name=\"form_fields[field_bd822e1]\" id=\"form-field-field_bd822e1\" class=\"elementor-field elementor-size-md  elementor-field-textual\" required=\"required\">\n\t\t\t\t\t\t\t\t\t\t\t<\/div>\n\t\t\t\t\t\t\t\t<div class=\"elementor-field-type-tel elementor-field-group elementor-column elementor-field-group-field_d58c84d elementor-col-50 elementor-field-required elementor-mark-required\">\n\t\t\t\t\t\t\t\t\t\t\t\t<label for=\"form-field-field_d58c84d\" class=\"elementor-field-label\">\n\t\t\t\t\t\t\t\tTelefon\t\t\t\t\t\t\t<\/label>\n\t\t\t\t\t\t\t\t<input size=\"1\" type=\"tel\" name=\"form_fields[field_d58c84d]\" id=\"form-field-field_d58c84d\" class=\"elementor-field elementor-size-md  elementor-field-textual\" required=\"required\" pattern=\"[0-9()#&amp;+*-=.]+\" title=\"Es werden nur Zahlen und Telefonzeichen (#, -, *, usw.) akzeptiert.\">\n\n\t\t\t\t\t\t<\/div>\n\t\t\t\t\t\t\t\t<div class=\"elementor-field-type-upload elementor-field-group elementor-column elementor-field-group-field_55d7317 elementor-col-100 elementor-field-required elementor-mark-required\">\n\t\t\t\t\t\t\t\t\t\t\t\t<label for=\"form-field-field_55d7317\" class=\"elementor-field-label\">\n\t\t\t\t\t\t\t\tLebenslauf hochladen (+ Weitere Dateien Optional)\t\t\t\t\t\t\t<\/label>\n\t\t\t\t\t\t\t\t<input type=\"file\" name=\"form_fields[field_55d7317][]\" id=\"form-field-field_55d7317\" class=\"elementor-field elementor-size-md  elementor-upload-field\" required=\"required\" multiple=\"multiple\" data-maxsize=\"500\" data-maxsize-message=\"Diese Datei \u00fcberschreitet die maximal zul\u00e4ssige Gr\u00f6\u00dfe.\">\n\n\t\t\t\t\t\t<\/div>\n\t\t\t\t\t\t\t\t<div class=\"elementor-field-type-textarea elementor-field-group elementor-column elementor-field-group-message elementor-col-100\">\n\t\t\t\t\t\t\t\t\t\t\t\t<label for=\"form-field-message\" class=\"elementor-field-label\">\n\t\t\t\t\t\t\t\tIhre Nachricht (Optional)\t\t\t\t\t\t\t<\/label>\n\t\t\t\t\t\t<textarea class=\"elementor-field-textual elementor-field  elementor-size-md\" name=\"form_fields[message]\" id=\"form-field-message\" rows=\"4\"><\/textarea>\t\t\t\t<\/div>\n\t\t\t\t\t\t\t\t<div class=\"elementor-field-type-checkbox elementor-field-group elementor-column elementor-field-group-field_671780a elementor-col-100\">\n\t\t\t\t\t<div class=\"elementor-field-subgroup  \"><span class=\"elementor-field-option\"><input type=\"checkbox\" value=\"Ich habe die &lt;a href=&quot;https:\/\/hightex-dresden.de\/datenschutzerklaerung\/&quot; target=&quot;_blank&quot; rel=&quot;noopener noreferrer&quot;&gt;Datenschutzerkl\u00e4rung&lt;\/a&gt; zur Kenntnis genommen.*\" id=\"form-field-field_671780a-0\" name=\"form_fields[field_671780a]\"> <label for=\"form-field-field_671780a-0\">Ich habe die <a href=\"https:\/\/hightex-dresden.de\/datenschutzerklaerung\/\" target=\"_blank\" rel=\"noopener noreferrer\">Datenschutzerkl\u00e4rung<\/a> zur Kenntnis genommen.*<\/label><\/span><\/div>\t\t\t\t<\/div>\n\t\t\t\t\t\t\t\t<div class=\"elementor-field-group elementor-column elementor-field-type-submit elementor-col-100 e-form__buttons\">\n\t\t\t\t\t<button class=\"elementor-button elementor-size-md\" type=\"submit\">\n\t\t\t\t\t\t<span class=\"elementor-button-content-wrapper\">\n\t\t\t\t\t\t\t\t\t\t\t\t\t\t\t\t\t\t\t\t\t\t<span class=\"elementor-button-text\">Senden<\/span>\n\t\t\t\t\t\t\t\t\t\t\t\t\t<\/span>\n\t\t\t\t\t<\/button>\n\t\t\t\t<\/div>\n\t\t\t<\/div>\n\t\t<\/form>\n\t\t\t\t\t\t<\/div>\n\t\t\t\t<\/div>\n\t\t\t\t\t<\/div>\n\t\t\t\t<\/div>\n\t\t\t\t<\/div>\n\t\t","protected":false},"excerpt":{"rendered":"<p>Karriere Stellen\u00adangebote Die Firma Hightex Verst\u00e4rkungsstrukturen GmbH in Klipphausen ist ein mittelst\u00e4ndisches Unternehmen, welches sich mit der Herstellung textiler Strukturen f\u00fcr die Luft- und Raumfahrtindustrie, den Automobilbau und andere Industrien besch\u00e4ftigt. Aktuell stehen bei uns leider keine offenen Stellen zur Verf\u00fcgung. Sollten Sie dennoch eine Bewerbung platzieren wollen, senden Sie diese bitte an\u00a0info@hightex-dresden.de BENEFITS F\u00dcR [&hellip;]<\/p>\n","protected":false},"author":2,"featured_media":0,"parent":0,"menu_order":0,"comment_status":"closed","ping_status":"closed","template":"elementor_header_footer","meta":{"footnotes":""},"class_list":["post-269","page","type-page","status-publish","hentry"],"_links":{"self":[{"href":"https:\/\/hightex-dresden.de\/en\/wp-json\/wp\/v2\/pages\/269","targetHints":{"allow":["GET"]}}],"collection":[{"href":"https:\/\/hightex-dresden.de\/en\/wp-json\/wp\/v2\/pages"}],"about":[{"href":"https:\/\/hightex-dresden.de\/en\/wp-json\/wp\/v2\/types\/page"}],"author":[{"embeddable":true,"href":"https:\/\/hightex-dresden.de\/en\/wp-json\/wp\/v2\/users\/2"}],"replies":[{"embeddable":true,"href":"https:\/\/hightex-dresden.de\/en\/wp-json\/wp\/v2\/comments?post=269"}],"version-history":[{"count":10,"href":"https:\/\/hightex-dresden.de\/en\/wp-json\/wp\/v2\/pages\/269\/revisions"}],"predecessor-version":[{"id":1538,"href":"https:\/\/hightex-dresden.de\/en\/wp-json\/wp\/v2\/pages\/269\/revisions\/1538"}],"wp:attachment":[{"href":"https:\/\/hightex-dresden.de\/en\/wp-json\/wp\/v2\/media?parent=269"}],"curies":[{"name":"wp","href":"https:\/\/api.w.org\/{rel}","templated":true}]}}